{"id":752,"date":"2025-11-10T18:19:54","date_gmt":"2025-11-10T21:19:54","guid":{"rendered":"https:\/\/eabalcarce-bue.infd.edu.ar\/sitio\/?page_id=752"},"modified":"2026-03-19T18:25:10","modified_gmt":"2026-03-19T21:25:10","slug":"carreras","status":"publish","type":"page","link":"https:\/\/eabalcarce-bue.infd.edu.ar\/sitio\/carreras\/","title":{"rendered":"CARRERAS"},"content":{"rendered":"\n<p>La Escuela de Arte Astor Piazzolla ofrece las siguientes carreras y cursos de extensi\u00f3n<\/p>\n\n\n\n<p><strong>CARRERAS<\/strong><\/p>\n\n\n\n<p>Profesorado de Artes Visuales<\/p>\n\n\n\n<ul>\n<li>Orientaci\u00f3n Grabado<\/li>\n<\/ul>\n\n\n\n<ul>\n<li>Orientaci\u00f3n Pintura<\/li>\n<\/ul>\n\n\n\n<ul>\n<li>Orientaci\u00f3n Escultura<\/li>\n<\/ul>\n\n\n\n<p>Tecnicatura en Dise\u00f1o Gr\u00e1fico<\/p>\n\n\n\n<p>Dise\u00f1o Gr\u00e1fico<\/p>\n\n\n\n<p>Profesorado en Dise\u00f1o Gr\u00e1fico<\/p>\n\n\n\n<p>Tecnicatura en Ilustraci\u00f3n<\/p>\n\n\n\n<p>FOBA en M\u00fasica Ni\u00f1os y preadolescentes<\/p>\n\n\n\n<ul>\n<li>Saxo, Piano, Guitarra y Viol\u00edn<\/li>\n<\/ul>\n\n\n\n<p>FOBA en M\u00fasica Adultos<\/p>\n\n\n\n<ul>\n<li>Canto L\u00edrico y Camar\u00edstico<\/li>\n<\/ul>\n\n\n\n<ul>\n<li>Saxo, Piano, Guitarra y Viol\u00edn<\/li>\n<\/ul>\n\n\n\n<p><strong>CURSOS DE EXTENSI\u00d3N<\/strong><\/p>\n\n\n\n<p>Coro de ni\u00f1os (8 a 14 a\u00f1os)<\/p>\n\n\n\n<p>Taller de Danzas folkl\u00f3ricas (a partir de los 8 a\u00f1os)<\/p>\n\n\n\n<p>Artes del Fuego<\/p>\n\n\n\n<ul>\n<li>Orientaci\u00f3n Cer\u00e1mica<\/li>\n<\/ul>\n\n\n\n<ul>\n<li>Orientaci\u00f3n Vitrofusi\u00f3n<\/li>\n<\/ul>\n\n\n\n<p>Taller de Estamper\u00eda (Grabado, Serigraf\u00eda y sublimaci\u00f3n)<\/p>\n\n\n\n<p><\/p>\n\n\n\n<p><\/p>\n","protected":false},"excerpt":{"rendered":"<p>La Escuela de Arte Astor Piazzolla ofrece las siguientes carreras y cursos de extensi\u00f3n CARRERAS Profesorado de Artes Visuales Tecnicatura en Dise\u00f1o Gr\u00e1fico Dise\u00f1o Gr\u00e1fico Profesorado en Dise\u00f1o Gr\u00e1fico Tecnicatura en Ilustraci\u00f3n FOBA en M\u00fasica Ni\u00f1os y preadolescentes FOBA en M\u00fasica Adultos CURSOS DE EXTENSI\u00d3N Coro de ni\u00f1os (8 a 14 a\u00f1os) Taller de Danzas &#8230; <a title=\"CARRERAS\" class=\"read-more\" href=\"https:\/\/eabalcarce-bue.infd.edu.ar\/sitio\/carreras\/\" aria-label=\"More on CARRERAS\">[+]<\/a><\/p>\n","protected":false},"author":14,"featured_media":0,"parent":0,"menu_order":0,"comment_status":"closed","ping_status":"closed","template":"","meta":[],"acf":[],"_links":{"self":[{"href":"https:\/\/eabalcarce-bue.infd.edu.ar\/sitio\/wp-json\/wp\/v2\/pages\/752"}],"collection":[{"href":"https:\/\/eabalcarce-bue.infd.edu.ar\/sitio\/wp-json\/wp\/v2\/pages"}],"about":[{"href":"https:\/\/eabalcarce-bue.infd.edu.ar\/sitio\/wp-json\/wp\/v2\/types\/page"}],"author":[{"embeddable":true,"href":"https:\/\/eabalcarce-bue.infd.edu.ar\/sitio\/wp-json\/wp\/v2\/users\/14"}],"replies":[{"embeddable":true,"href":"https:\/\/eabalcarce-bue.infd.edu.ar\/sitio\/wp-json\/wp\/v2\/comments?post=752"}],"version-history":[{"count":2,"href":"https:\/\/eabalcarce-bue.infd.edu.ar\/sitio\/wp-json\/wp\/v2\/pages\/752\/revisions"}],"predecessor-version":[{"id":756,"href":"https:\/\/eabalcarce-bue.infd.edu.ar\/sitio\/wp-json\/wp\/v2\/pages\/752\/revisions\/756"}],"wp:attachment":[{"href":"https:\/\/eabalcarce-bue.infd.edu.ar\/sitio\/wp-json\/wp\/v2\/media?parent=752"}],"curies":[{"name":"wp","href":"https:\/\/api.w.org\/{rel}","templated":true}]}}