{"id":787,"date":"2025-11-17T18:01:55","date_gmt":"2025-11-17T21:01:55","guid":{"rendered":"https:\/\/eabalcarce-bue.infd.edu.ar\/sitio\/?page_id=787"},"modified":"2026-03-19T18:24:18","modified_gmt":"2026-03-19T21:24:18","slug":"consejo-academico-institucional","status":"publish","type":"page","link":"https:\/\/eabalcarce-bue.infd.edu.ar\/sitio\/consejo-academico-institucional\/","title":{"rendered":"Consejo Acad\u00e9mico Institucional"},"content":{"rendered":"\n<p>Los Consejos Acad\u00e9micos Institucionales son los \u00f3rganos colegiados de asesoramiento, propuesta, debate y decisi\u00f3n, para una gesti\u00f3n participativa, en el marco de la autonom\u00eda institucional en la unidad del sistema del nivel superior, dentro de las regulaciones de la pol\u00edtica educativa jurisdiccional y federal;<strong>&nbsp;<\/strong><\/p>\n\n\n\n<p>Los Consejos Acad\u00e9micos Institucionales deber\u00e1n organizarse y se desarrollar\u00e1n conforme a los reglamentos internos que los mismos otorguen, en el marco de lo establecido en la presente reglamentaci\u00f3n.<\/p>\n\n\n\n<p>Las decisiones del CAI tendr\u00e1n car\u00e1cter vinculante para la Instituci\u00f3n en aquellos t\u00f3picos detallados en la presente y car\u00e1cter de asesoramiento en toda otra cuesti\u00f3n que trate a requerimiento de los equipos de conducci\u00f3n.<\/p>\n\n\n\n<p><strong>CLAUSTRO DOCENTE<\/strong><\/p>\n\n\n\n<figure class=\"wp-block-table\"><table><tbody><tr><td>TITULARES<\/td><td>SUPLENTES<\/td><\/tr><tr><td>Furno, Mar\u00eda Alejandra (renovaci\u00f3n 2026)<\/td><td>Ferreyra, Pablo (renovaci\u00f3n 2027)<\/td><\/tr><tr><td>Irusquieta, Marisa (renovaci\u00f3n 2026)<\/td><td>Scarpati, Gabriela (renovaci\u00f3n 2027)<\/td><\/tr><tr><td>Tarantino, Carla (renovaci\u00f3n 2026)<\/td><td>Santini, Santiago (renovaci\u00f3n 2027)<\/td><\/tr><tr><td>Petruccelli, Claudia (renovaci\u00f3n 2026)<\/td><td>Farace, Patricia (renovaci\u00f3n 2027)<\/td><\/tr><tr><td>Salvo, Noelia (renovaci\u00f3n 2026)<\/td><td>Lom\u00f3naco, Mar\u00eda Emilia (renovaci\u00f3n 2027)<\/td><\/tr><tr><td>Scorziello, Jorgelina (renovaci\u00f3n 2027)<\/td><td>Mollano Di Marco, Jerem\u00edas (renovaci\u00f3n 2027)<\/td><\/tr><\/tbody><\/table><\/figure>\n\n\n\n<p><strong>CLAUSTRO ESTUDIANTIL<\/strong><\/p>\n\n\n\n<figure class=\"wp-block-table\"><table><tbody><tr><td>Diovisalvi, Daiana (renovaci\u00f3n 2026)<\/td><td>De la Fuente, Melany (renovaci\u00f3n 2027)<\/td><\/tr><tr><td>Gonz\u00e1lez, Aldana (renovaci\u00f3n 2026)<\/td><td>Arganini, Romina (renovaci\u00f3n 2027)<\/td><\/tr><tr><td>Calcaterra, Milagros (renovaci\u00f3n 2026)<\/td><td>Contreras, Magali (renovaci\u00f3n 2027)<\/td><\/tr><tr><td>Ferrufino, Mait\u00e9n (renovaci\u00f3n 2026)<\/td><td>Burgos, Sabina (renovaci\u00f3n 2027)<\/td><\/tr><tr><td>Serritella, Luc\u00eda (renovaci\u00f3n 2026)<\/td><td>Rodr\u00edguez Minelli, Mat\u00edas (renovaci\u00f3n 2027)<\/td><\/tr><\/tbody><\/table><\/figure>\n\n\n\n<p><strong>CLAUSTRO NO DOCENTE<\/strong><\/p>\n\n\n\n<p>Leguizam\u00f3n, Gabriela (renovaci\u00f3n 2026)<\/p>\n\n\n\n<p>Ram\u00edrez, Jacqueline (renovaci\u00f3n 2026)<\/p>\n\n\n\n<div class=\"wp-block-file\"><object class=\"wp-block-file__embed\" data=\"https:\/\/eabalcarce-bue.infd.edu.ar\/sitio\/wp-content\/uploads\/2025\/11\/res_4044cai.pdf\" type=\"application\/pdf\" style=\"width:100%;height:600px\" aria-label=\"Incrustado de res_4044cai.\"><\/object><a id=\"wp-block-file--media-f954ec73-0e8b-4d5a-86f9-a56884518d85\" href=\"https:\/\/eabalcarce-bue.infd.edu.ar\/sitio\/wp-content\/uploads\/2025\/11\/res_4044cai.pdf\">res_4044cai<\/a><a href=\"https:\/\/eabalcarce-bue.infd.edu.ar\/sitio\/wp-content\/uploads\/2025\/11\/res_4044cai.pdf\" class=\"wp-block-file__button wp-element-button\" download aria-describedby=\"wp-block-file--media-f954ec73-0e8b-4d5a-86f9-a56884518d85\">Descarga<\/a><\/div>\n","protected":false},"excerpt":{"rendered":"<p>Los Consejos Acad\u00e9micos Institucionales son los \u00f3rganos colegiados de asesoramiento, propuesta, debate y decisi\u00f3n, para una gesti\u00f3n participativa, en el marco de la autonom\u00eda institucional en la unidad del sistema del nivel superior, dentro de las regulaciones de la pol\u00edtica educativa jurisdiccional y federal;&nbsp; Los Consejos Acad\u00e9micos Institucionales deber\u00e1n organizarse y se desarrollar\u00e1n conforme a &#8230; <a title=\"Consejo Acad\u00e9mico Institucional\" class=\"read-more\" href=\"https:\/\/eabalcarce-bue.infd.edu.ar\/sitio\/consejo-academico-institucional\/\" aria-label=\"More on Consejo Acad\u00e9mico Institucional\">[+]<\/a><\/p>\n","protected":false},"author":14,"featured_media":0,"parent":0,"menu_order":0,"comment_status":"closed","ping_status":"closed","template":"","meta":[],"acf":[],"_links":{"self":[{"href":"https:\/\/eabalcarce-bue.infd.edu.ar\/sitio\/wp-json\/wp\/v2\/pages\/787"}],"collection":[{"href":"https:\/\/eabalcarce-bue.infd.edu.ar\/sitio\/wp-json\/wp\/v2\/pages"}],"about":[{"href":"https:\/\/eabalcarce-bue.infd.edu.ar\/sitio\/wp-json\/wp\/v2\/types\/page"}],"author":[{"embeddable":true,"href":"https:\/\/eabalcarce-bue.infd.edu.ar\/sitio\/wp-json\/wp\/v2\/users\/14"}],"replies":[{"embeddable":true,"href":"https:\/\/eabalcarce-bue.infd.edu.ar\/sitio\/wp-json\/wp\/v2\/comments?post=787"}],"version-history":[{"count":2,"href":"https:\/\/eabalcarce-bue.infd.edu.ar\/sitio\/wp-json\/wp\/v2\/pages\/787\/revisions"}],"predecessor-version":[{"id":809,"href":"https:\/\/eabalcarce-bue.infd.edu.ar\/sitio\/wp-json\/wp\/v2\/pages\/787\/revisions\/809"}],"wp:attachment":[{"href":"https:\/\/eabalcarce-bue.infd.edu.ar\/sitio\/wp-json\/wp\/v2\/media?parent=787"}],"curies":[{"name":"wp","href":"https:\/\/api.w.org\/{rel}","templated":true}]}}