{"id":792,"date":"2025-11-17T18:18:00","date_gmt":"2025-11-17T21:18:00","guid":{"rendered":"https:\/\/eabalcarce-bue.infd.edu.ar\/sitio\/?page_id=792"},"modified":"2026-03-19T18:26:17","modified_gmt":"2026-03-19T21:26:17","slug":"asociacion-cooperadora","status":"publish","type":"page","link":"https:\/\/eabalcarce-bue.infd.edu.ar\/sitio\/asociacion-cooperadora\/","title":{"rendered":"Asociaci\u00f3n Cooperadora"},"content":{"rendered":"\n<p>La Asociaci\u00f3n Cooperadora es una entidad civil con personer\u00eda jur\u00eddica. Si bien su objetivo es amplio y diverso, su accionar est\u00e1 orientado fundamentalmente al mejoramiento de las condiciones materiales e infraestructura de nuestra Escuela. Sus miembros, de gesti\u00f3n ad honorem, duran un a\u00f1o en la funci\u00f3n y son reelegibles.<\/p>\n\n\n\n<p><\/p>\n\n\n\n<p>Miembros de la Cooperadora<\/p>\n\n\n\n<p><\/p>\n\n\n\n<figure class=\"wp-block-table\"><table><tbody><tr><td>PRESIDENTE <\/td><td>Mart\u00edn Rold\u00e1n, Jonathan<\/td><\/tr><tr><td>SECRETARIO<\/td><td>Luna, Florencia<\/td><\/tr><tr><td>TESORERO<\/td><td>Charmelo, Natalia<\/td><\/tr><tr><td>PROSECRETARIO<\/td><td>Bustamente, Y\u00e9sica<\/td><\/tr><tr><td>VOCAL<\/td><td>Tarantino, Carla<\/td><\/tr><tr><td>VOCAL<\/td><td>Colavite, Mar\u00eda Ang\u00e9lica<\/td><\/tr><tr><td>VOCAL<\/td><td>Sayago, Graciela<\/td><\/tr><tr><td>VOCAL SUPLENTE<\/td><td>Irusquieta, Marisa<\/td><\/tr><tr><td>VOCAL SUPLENTE<\/td><td>Possenti, Mar\u00eda Carolina<\/td><\/tr><\/tbody><\/table><\/figure>\n\n\n\n<figure class=\"wp-block-image\"><img alt=\"\"\/><\/figure>\n","protected":false},"excerpt":{"rendered":"<p>La Asociaci\u00f3n Cooperadora es una entidad civil con personer\u00eda jur\u00eddica. Si bien su objetivo es amplio y diverso, su accionar est\u00e1 orientado fundamentalmente al mejoramiento de las condiciones materiales e infraestructura de nuestra Escuela. Sus miembros, de gesti\u00f3n ad honorem, duran un a\u00f1o en la funci\u00f3n y son reelegibles. Miembros de la Cooperadora PRESIDENTE Mart\u00edn &#8230; <a title=\"Asociaci\u00f3n Cooperadora\" class=\"read-more\" href=\"https:\/\/eabalcarce-bue.infd.edu.ar\/sitio\/asociacion-cooperadora\/\" aria-label=\"More on Asociaci\u00f3n Cooperadora\">[+]<\/a><\/p>\n","protected":false},"author":14,"featured_media":0,"parent":0,"menu_order":0,"comment_status":"closed","ping_status":"closed","template":"","meta":[],"acf":[],"_links":{"self":[{"href":"https:\/\/eabalcarce-bue.infd.edu.ar\/sitio\/wp-json\/wp\/v2\/pages\/792"}],"collection":[{"href":"https:\/\/eabalcarce-bue.infd.edu.ar\/sitio\/wp-json\/wp\/v2\/pages"}],"about":[{"href":"https:\/\/eabalcarce-bue.infd.edu.ar\/sitio\/wp-json\/wp\/v2\/types\/page"}],"author":[{"embeddable":true,"href":"https:\/\/eabalcarce-bue.infd.edu.ar\/sitio\/wp-json\/wp\/v2\/users\/14"}],"replies":[{"embeddable":true,"href":"https:\/\/eabalcarce-bue.infd.edu.ar\/sitio\/wp-json\/wp\/v2\/comments?post=792"}],"version-history":[{"count":2,"href":"https:\/\/eabalcarce-bue.infd.edu.ar\/sitio\/wp-json\/wp\/v2\/pages\/792\/revisions"}],"predecessor-version":[{"id":796,"href":"https:\/\/eabalcarce-bue.infd.edu.ar\/sitio\/wp-json\/wp\/v2\/pages\/792\/revisions\/796"}],"wp:attachment":[{"href":"https:\/\/eabalcarce-bue.infd.edu.ar\/sitio\/wp-json\/wp\/v2\/media?parent=792"}],"curies":[{"name":"wp","href":"https:\/\/api.w.org\/{rel}","templated":true}]}}