{"id":799,"date":"2025-11-17T18:57:47","date_gmt":"2025-11-17T21:57:47","guid":{"rendered":"https:\/\/eabalcarce-bue.infd.edu.ar\/sitio\/?page_id=799"},"modified":"2026-03-19T18:23:44","modified_gmt":"2026-03-19T21:23:44","slug":"diseno-grafico","status":"publish","type":"page","link":"https:\/\/eabalcarce-bue.infd.edu.ar\/sitio\/diseno-grafico\/","title":{"rendered":"Dise\u00f1o Gr\u00e1fico"},"content":{"rendered":"\n<h2 class=\"wp-block-heading\">T\u00edtulos y certificaciones<\/h2>\n\n\n\n<p><strong>T\u00edtulo intermedio:<\/strong>&nbsp;T\u00e9cnico en Dise\u00f1o Gr\u00e1fico (3 a\u00f1os)<br>Res. 13253\/99 \u2013 Ministerio de Educaci\u00f3n<\/p>\n\n\n\n<p><strong>T\u00edtulo:<\/strong>&nbsp;Dise\u00f1ador Gr\u00e1fico (1 a\u00f1o)<br>Res. 13253\/99 \u2013 Ministerio de Educaci\u00f3n<\/p>\n\n\n\n<p>PLAN DE ESTUDIOS<\/p>\n\n\n\n<p><strong>T\u00cdTULO: T\u00c9CNICO EN DISE\u00d1O GR\u00c1FICO<\/strong><\/p>\n\n\n\n<div class=\"wp-block-media-text alignwide is-stacked-on-mobile\"><figure class=\"wp-block-media-text__media\"><img decoding=\"async\" loading=\"lazy\" width=\"626\" height=\"626\" src=\"https:\/\/eabalcarce-bue.infd.edu.ar\/sitio\/wp-content\/uploads\/2025\/11\/descarga-22-1.jpg\" alt=\"\" class=\"wp-image-801 size-full\" srcset=\"https:\/\/eabalcarce-bue.infd.edu.ar\/sitio\/wp-content\/uploads\/2025\/11\/descarga-22-1.jpg 626w, https:\/\/eabalcarce-bue.infd.edu.ar\/sitio\/wp-content\/uploads\/2025\/11\/descarga-22-1-500x500.jpg 500w\" sizes=\"(max-width: 626px) 100vw, 626px\" \/><\/figure><div class=\"wp-block-media-text__content\">\n<figure class=\"wp-block-table\"><table><thead><tr><th>PRIMER A\u00d1O<\/th><\/tr><\/thead><tbody><tr><td>Taller de Dise\u00f1o I<\/td><\/tr><tr><td>Tipograf\u00eda I<\/td><\/tr><tr><td>Dibujo<\/td><\/tr><tr><td>Gr\u00e1fica Asistida por Computadora I<\/td><\/tr><tr><td>Percepci\u00f3n Visual<\/td><\/tr><tr><td>Taller de Texto<\/td><\/tr><tr><td>Historia del Arte y el Dise\u00f1o<\/td><\/tr><tr><td>Comunicaci\u00f3n<\/td><\/tr><tr><td>Espacio Institucional<\/td><\/tr><\/tbody><\/table><\/figure>\n<\/div><\/div>\n\n\n\n<div class=\"wp-block-media-text alignwide has-media-on-the-right is-stacked-on-mobile\"><div class=\"wp-block-media-text__content\">\n<figure class=\"wp-block-table\"><table><thead><tr><th>SEGUNDO A\u00d1O<\/th><\/tr><\/thead><tbody><tr><td>Taller de Dise\u00f1o II<\/td><\/tr><tr><td>Tipograf\u00eda II<\/td><\/tr><tr><td>Gr\u00e1fica Asistida por Computadora II<\/td><\/tr><tr><td>Tecnolog\u00eda I<\/td><\/tr><tr><td>Semiolog\u00eda de la Imagen<\/td><\/tr><tr><td>Historia del Dise\u00f1o<\/td><\/tr><tr><td>Org. de las Instituciones<\/td><\/tr><tr><td>Espacio Institucional<\/td><\/tr><\/tbody><\/table><\/figure>\n<\/div><figure class=\"wp-block-media-text__media\"><img decoding=\"async\" loading=\"lazy\" width=\"736\" height=\"1104\" src=\"https:\/\/eabalcarce-bue.infd.edu.ar\/sitio\/wp-content\/uploads\/2025\/11\/Avenal-Visual-Graphic-Designer-_-Crafting-Unique-Designs-for-You.jpg\" alt=\"\" class=\"wp-image-802 size-full\" srcset=\"https:\/\/eabalcarce-bue.infd.edu.ar\/sitio\/wp-content\/uploads\/2025\/11\/Avenal-Visual-Graphic-Designer-_-Crafting-Unique-Designs-for-You.jpg 736w, https:\/\/eabalcarce-bue.infd.edu.ar\/sitio\/wp-content\/uploads\/2025\/11\/Avenal-Visual-Graphic-Designer-_-Crafting-Unique-Designs-for-You-667x1000.jpg 667w\" sizes=\"(max-width: 736px) 100vw, 736px\" \/><\/figure><\/div>\n\n\n\n<div class=\"wp-block-media-text alignwide is-stacked-on-mobile\"><figure class=\"wp-block-media-text__media\"><img decoding=\"async\" loading=\"lazy\" width=\"1199\" height=\"1461\" src=\"https:\/\/eabalcarce-bue.infd.edu.ar\/sitio\/wp-content\/uploads\/2025\/11\/47076c816e1325f399a6e772052ea693.jpg\" alt=\"\" class=\"wp-image-803 size-full\" srcset=\"https:\/\/eabalcarce-bue.infd.edu.ar\/sitio\/wp-content\/uploads\/2025\/11\/47076c816e1325f399a6e772052ea693.jpg 1199w, https:\/\/eabalcarce-bue.infd.edu.ar\/sitio\/wp-content\/uploads\/2025\/11\/47076c816e1325f399a6e772052ea693-821x1000.jpg 821w, https:\/\/eabalcarce-bue.infd.edu.ar\/sitio\/wp-content\/uploads\/2025\/11\/47076c816e1325f399a6e772052ea693-768x936.jpg 768w\" sizes=\"(max-width: 1199px) 100vw, 1199px\" \/><\/figure><div class=\"wp-block-media-text__content\">\n<figure class=\"wp-block-table\"><table><thead><tr><th>TERCER A\u00d1O<\/th><\/tr><\/thead><tbody><tr><td>Taller de Dise\u00f1o III y Proyecto<\/td><\/tr><tr><td>Taller Multimedia<\/td><\/tr><tr><td>Fotograf\u00eda<\/td><\/tr><tr><td>Tecnolog\u00eda II<\/td><\/tr><tr><td>Sociolog\u00eda de la Comunicaci\u00f3n<\/td><\/tr><tr><td>\u00c9tica y Legislaci\u00f3n<\/td><\/tr><tr><td>E.D.I.: Creaci\u00f3n de contenido<\/td><\/tr><\/tbody><\/table><\/figure>\n<\/div><\/div>\n\n\n\n<p><\/p>\n\n\n\n<p><strong>T\u00cdTULO: DISE\u00d1ADOR GR\u00c1FICO<\/strong><\/p>\n\n\n\n<div class=\"wp-block-media-text alignwide has-media-on-the-right is-stacked-on-mobile\"><div class=\"wp-block-media-text__content\">\n<figure class=\"wp-block-table\"><table><thead><tr><th>CUARTO A\u00d1O<\/th><\/tr><\/thead><tbody><tr><td>Dise\u00f1o Institucional<\/td><\/tr><tr><td>Dise\u00f1o de Informaci\u00f3n<\/td><\/tr><tr><td>Dise\u00f1o en Medios<\/td><\/tr><tr><td>Arte, Cultura y Est\u00e9tica del Mundo Contempor\u00e1neo<\/td><\/tr><tr><td>Espacio Institucional: Pr\u00e1cticas profesionales<\/td><\/tr><\/tbody><\/table><\/figure>\n<\/div><figure class=\"wp-block-media-text__media\"><img decoding=\"async\" loading=\"lazy\" width=\"736\" height=\"1349\" src=\"https:\/\/eabalcarce-bue.infd.edu.ar\/sitio\/wp-content\/uploads\/2025\/11\/b9bd7ae332b68bf56ba28fd1573ed462.jpg\" alt=\"\" class=\"wp-image-804 size-full\" srcset=\"https:\/\/eabalcarce-bue.infd.edu.ar\/sitio\/wp-content\/uploads\/2025\/11\/b9bd7ae332b68bf56ba28fd1573ed462.jpg 736w, https:\/\/eabalcarce-bue.infd.edu.ar\/sitio\/wp-content\/uploads\/2025\/11\/b9bd7ae332b68bf56ba28fd1573ed462-546x1000.jpg 546w\" sizes=\"(max-width: 736px) 100vw, 736px\" \/><\/figure><\/div>\n","protected":false},"excerpt":{"rendered":"<p>T\u00edtulos y certificaciones T\u00edtulo intermedio:&nbsp;T\u00e9cnico en Dise\u00f1o Gr\u00e1fico (3 a\u00f1os)Res. 13253\/99 \u2013 Ministerio de Educaci\u00f3n T\u00edtulo:&nbsp;Dise\u00f1ador Gr\u00e1fico (1 a\u00f1o)Res. 13253\/99 \u2013 Ministerio de Educaci\u00f3n PLAN DE ESTUDIOS T\u00cdTULO: T\u00c9CNICO EN DISE\u00d1O GR\u00c1FICO PRIMER A\u00d1O Taller de Dise\u00f1o I Tipograf\u00eda I Dibujo Gr\u00e1fica Asistida por Computadora I Percepci\u00f3n Visual Taller de Texto Historia del Arte y &#8230; <a title=\"Dise\u00f1o Gr\u00e1fico\" class=\"read-more\" href=\"https:\/\/eabalcarce-bue.infd.edu.ar\/sitio\/diseno-grafico\/\" aria-label=\"More on Dise\u00f1o Gr\u00e1fico\">[+]<\/a><\/p>\n","protected":false},"author":14,"featured_media":0,"parent":0,"menu_order":0,"comment_status":"closed","ping_status":"closed","template":"","meta":[],"acf":[],"_links":{"self":[{"href":"https:\/\/eabalcarce-bue.infd.edu.ar\/sitio\/wp-json\/wp\/v2\/pages\/799"}],"collection":[{"href":"https:\/\/eabalcarce-bue.infd.edu.ar\/sitio\/wp-json\/wp\/v2\/pages"}],"about":[{"href":"https:\/\/eabalcarce-bue.infd.edu.ar\/sitio\/wp-json\/wp\/v2\/types\/page"}],"author":[{"embeddable":true,"href":"https:\/\/eabalcarce-bue.infd.edu.ar\/sitio\/wp-json\/wp\/v2\/users\/14"}],"replies":[{"embeddable":true,"href":"https:\/\/eabalcarce-bue.infd.edu.ar\/sitio\/wp-json\/wp\/v2\/comments?post=799"}],"version-history":[{"count":2,"href":"https:\/\/eabalcarce-bue.infd.edu.ar\/sitio\/wp-json\/wp\/v2\/pages\/799\/revisions"}],"predecessor-version":[{"id":808,"href":"https:\/\/eabalcarce-bue.infd.edu.ar\/sitio\/wp-json\/wp\/v2\/pages\/799\/revisions\/808"}],"wp:attachment":[{"href":"https:\/\/eabalcarce-bue.infd.edu.ar\/sitio\/wp-json\/wp\/v2\/media?parent=799"}],"curies":[{"name":"wp","href":"https:\/\/api.w.org\/{rel}","templated":true}]}}